{"id":66,"date":"2026-01-12T19:25:45","date_gmt":"2026-01-12T19:25:45","guid":{"rendered":"https:\/\/srazapata.com\/cafe\/"},"modified":"2026-01-27T17:15:48","modified_gmt":"2026-01-27T17:15:48","slug":"cafe","status":"publish","type":"page","link":"https:\/\/srazapata.com\/en\/cafe\/","title":{"rendered":"Nuestro Sr. Caf\u00e9"},"content":{"rendered":"<div class=\"wp-block-group is-nowrap is-layout-flex wp-container-core-group-is-layout-6c531013 wp-block-group-is-layout-flex\">\n<div class=\"wp-block-group alignfull is-style-ext-preset--group--natural-1--section has-contrast-light-background-color has-background has-global-padding is-layout-constrained wp-container-core-group-is-layout-cf066099 wp-block-group-is-layout-constrained\" style=\"margin-top:0;margin-bottom:0;padding-top:var(--wp--preset--spacing--70);padding-bottom:var(--wp--preset--spacing--70)\">\n<div class=\"wp-block-group alignfull is-layout-flow wp-block-group-is-layout-flow\">\n<div class=\"wp-block-columns is-layout-flex wp-container-core-columns-is-layout-28f84493 wp-block-columns-is-layout-flex\">\n<div class=\"wp-block-column is-layout-flow wp-block-column-is-layout-flow\">\n<div class=\"wp-block-columns alignwide has-border-color has-mono-3-border-color has-background is-layout-flex wp-container-core-columns-is-layout-314015f6 wp-block-columns-is-layout-flex\" style=\"border-width:1px;border-radius:16px;background-color:#d9c5b2;padding-top:var(--wp--preset--spacing--superbspacing-small);padding-right:var(--wp--preset--spacing--superbspacing-small);padding-bottom:var(--wp--preset--spacing--superbspacing-small);padding-left:var(--wp--preset--spacing--superbspacing-small)\">\n<div class=\"wp-block-column is-vertically-aligned-center is-layout-flow wp-container-core-column-is-layout-30be4402 wp-block-column-is-layout-flow\">\n<div class=\"wp-block-group has-global-padding is-layout-constrained wp-container-core-group-is-layout-d598ad9d wp-block-group-is-layout-constrained\">\n<p>El caf\u00e9 que servimos nace en origen, se tuesta con intenci\u00f3n y se prepara con calma. Cada taza acompa\u00f1a flores, conversaciones y ma\u00f1anas sin prisa.<\/p>\n\n\n\n<p>Trabajamos con caf\u00e9 de especialidad peruano, seleccionado por temporada y preparado para resaltar sus notas naturales. Creemos en el caf\u00e9 honesto, bien hecho y compartido.<\/p>\n<\/div>\n<\/div>\n\n\n\n<div class=\"wp-block-column is-vertically-aligned-center is-layout-flow wp-container-core-column-is-layout-40a2a7e8 wp-block-column-is-layout-flow\" style=\"padding-right:0;padding-bottom:0;padding-left:0\">\n<figure class=\"wp-block-image size-large has-custom-border wp-duotone-unset-1\"><img fetchpriority=\"high\" decoding=\"async\" width=\"1024\" height=\"683\" src=\"https:\/\/srazapata.com\/wp-content\/uploads\/2026\/01\/taylor-franz-GJogrGZxKJE-unsplash-4-1024x683.jpg\" alt=\"\" class=\"wp-image-666\" style=\"border-top-left-radius:0px;border-top-right-radius:0px;border-bottom-left-radius:0px;border-bottom-right-radius:0px\" srcset=\"https:\/\/srazapata.com\/wp-content\/uploads\/2026\/01\/taylor-franz-GJogrGZxKJE-unsplash-4-1024x683.jpg 1024w, https:\/\/srazapata.com\/wp-content\/uploads\/2026\/01\/taylor-franz-GJogrGZxKJE-unsplash-4-300x200.jpg 300w, https:\/\/srazapata.com\/wp-content\/uploads\/2026\/01\/taylor-franz-GJogrGZxKJE-unsplash-4-768x512.jpg 768w, https:\/\/srazapata.com\/wp-content\/uploads\/2026\/01\/taylor-franz-GJogrGZxKJE-unsplash-4-1536x1024.jpg 1536w, https:\/\/srazapata.com\/wp-content\/uploads\/2026\/01\/taylor-franz-GJogrGZxKJE-unsplash-4-2048x1365.jpg 2048w, https:\/\/srazapata.com\/wp-content\/uploads\/2026\/01\/taylor-franz-GJogrGZxKJE-unsplash-4-18x12.jpg 18w\" sizes=\"(max-width: 1024px) 100vw, 1024px\" \/><\/figure>\n<\/div>\n<\/div>\n<\/div>\n<\/div>\n\n\n\n<div style=\"opacity: 0;\" superb-addons-animation=\"fadeIn\" class=\"wp-block-columns alignwide is-layout-flex wp-container-core-columns-is-layout-83cf590f wp-block-columns-is-layout-flex\">\n<div class=\"wp-block-column is-vertically-aligned-center has-primary-color has-text-color has-link-color wp-elements-bab6a3d9f6782e9be2c5bb5b20d46e99 is-layout-flow wp-container-core-column-is-layout-e38e6d2d wp-block-column-is-layout-flow\">\n<figure class=\"wp-block-image aligncenter size-full is-resized\"><img decoding=\"async\" width=\"1080\" height=\"1080\" src=\"https:\/\/srazapata.com\/wp-content\/uploads\/2026\/01\/ChatGPT-Image-Jan-27-2026-04_46_07-PM-1.png\" alt=\"\" class=\"wp-image-582\" style=\"width:96px;height:auto\" srcset=\"https:\/\/srazapata.com\/wp-content\/uploads\/2026\/01\/ChatGPT-Image-Jan-27-2026-04_46_07-PM-1.png 1080w, https:\/\/srazapata.com\/wp-content\/uploads\/2026\/01\/ChatGPT-Image-Jan-27-2026-04_46_07-PM-1-300x300.png 300w, https:\/\/srazapata.com\/wp-content\/uploads\/2026\/01\/ChatGPT-Image-Jan-27-2026-04_46_07-PM-1-1024x1024.png 1024w, https:\/\/srazapata.com\/wp-content\/uploads\/2026\/01\/ChatGPT-Image-Jan-27-2026-04_46_07-PM-1-150x150.png 150w, https:\/\/srazapata.com\/wp-content\/uploads\/2026\/01\/ChatGPT-Image-Jan-27-2026-04_46_07-PM-1-768x768.png 768w, https:\/\/srazapata.com\/wp-content\/uploads\/2026\/01\/ChatGPT-Image-Jan-27-2026-04_46_07-PM-1-12x12.png 12w\" sizes=\"(max-width: 1080px) 100vw, 1080px\" \/><\/figure>\n\n\n\n<h3 class=\"wp-block-heading has-text-align-center has-primary-color has-text-color has-superbfont-small-font-size\">Los granos<\/h3>\n\n\n\n<p class=\"has-text-align-center has-primary-color has-text-color has-superbfont-xsmall-font-size\"><strong>Caf\u00e9 de especialidad peruano<\/strong>, proveniente de regiones cafetaleras seleccionadas por su calidad y diversidad de perfiles.<\/p>\n<\/div>\n\n\n\n<div class=\"wp-block-column is-vertically-aligned-center has-primary-color has-text-color has-link-color wp-elements-69b56eb7e0a71e0d715fbbaa24bf4fdb is-layout-flow wp-container-core-column-is-layout-e38e6d2d wp-block-column-is-layout-flow\">\n<figure class=\"wp-block-image aligncenter size-full is-resized\"><img decoding=\"async\" width=\"1080\" height=\"1080\" src=\"https:\/\/srazapata.com\/wp-content\/uploads\/2026\/01\/ChatGPT-Image-Jan-27-2026-04_34_22-PM-1-1.png\" alt=\"\" class=\"wp-image-586\" style=\"width:111px;height:auto\" srcset=\"https:\/\/srazapata.com\/wp-content\/uploads\/2026\/01\/ChatGPT-Image-Jan-27-2026-04_34_22-PM-1-1.png 1080w, https:\/\/srazapata.com\/wp-content\/uploads\/2026\/01\/ChatGPT-Image-Jan-27-2026-04_34_22-PM-1-1-300x300.png 300w, https:\/\/srazapata.com\/wp-content\/uploads\/2026\/01\/ChatGPT-Image-Jan-27-2026-04_34_22-PM-1-1-1024x1024.png 1024w, https:\/\/srazapata.com\/wp-content\/uploads\/2026\/01\/ChatGPT-Image-Jan-27-2026-04_34_22-PM-1-1-150x150.png 150w, https:\/\/srazapata.com\/wp-content\/uploads\/2026\/01\/ChatGPT-Image-Jan-27-2026-04_34_22-PM-1-1-768x768.png 768w, https:\/\/srazapata.com\/wp-content\/uploads\/2026\/01\/ChatGPT-Image-Jan-27-2026-04_34_22-PM-1-1-12x12.png 12w\" sizes=\"(max-width: 1080px) 100vw, 1080px\" \/><\/figure>\n\n\n\n<h3 class=\"wp-block-heading has-text-align-center has-primary-color has-text-color has-superbfont-small-font-size\">Las tazas<\/h3>\n\n\n\n<p class=\"has-text-align-center has-primary-color has-text-color has-superbfont-xsmall-font-size\">Caf\u00e9s balanceados y arom\u00e1ticos, con notas que cambian seg\u00fan la temporada y el origen, pensados para disfrutarse con calma.<\/p>\n<\/div>\n\n\n\n<div class=\"wp-block-column is-vertically-aligned-center has-primary-color has-text-color has-link-color wp-elements-e841c7a554f20df4d50019c04f5b385e is-layout-flow wp-container-core-column-is-layout-e38e6d2d wp-block-column-is-layout-flow\">\n<figure class=\"wp-block-image aligncenter size-full is-resized\"><img loading=\"lazy\" decoding=\"async\" width=\"1080\" height=\"1080\" src=\"https:\/\/srazapata.com\/wp-content\/uploads\/2026\/01\/ChatGPT-Image-Jan-27-2026-04_49_24-PM-1.png\" alt=\"\" class=\"wp-image-591\" style=\"width:106px;height:auto\" srcset=\"https:\/\/srazapata.com\/wp-content\/uploads\/2026\/01\/ChatGPT-Image-Jan-27-2026-04_49_24-PM-1.png 1080w, https:\/\/srazapata.com\/wp-content\/uploads\/2026\/01\/ChatGPT-Image-Jan-27-2026-04_49_24-PM-1-300x300.png 300w, https:\/\/srazapata.com\/wp-content\/uploads\/2026\/01\/ChatGPT-Image-Jan-27-2026-04_49_24-PM-1-1024x1024.png 1024w, https:\/\/srazapata.com\/wp-content\/uploads\/2026\/01\/ChatGPT-Image-Jan-27-2026-04_49_24-PM-1-150x150.png 150w, https:\/\/srazapata.com\/wp-content\/uploads\/2026\/01\/ChatGPT-Image-Jan-27-2026-04_49_24-PM-1-768x768.png 768w, https:\/\/srazapata.com\/wp-content\/uploads\/2026\/01\/ChatGPT-Image-Jan-27-2026-04_49_24-PM-1-12x12.png 12w\" sizes=\"(max-width: 1080px) 100vw, 1080px\" \/><\/figure>\n\n\n\n<h3 class=\"wp-block-heading has-text-align-center has-primary-color has-text-color has-superbfont-small-font-size\">Los baristas<\/h3>\n\n\n\n<p class=\"has-text-align-center has-primary-color has-text-color has-superbfont-xsmall-font-size\">Nuestros baristas cuidan cada preparaci\u00f3n, respetando el grano, el m\u00e9todo y el momento perfecto<\/p>\n<\/div>\n<\/div>\n<\/div>\n\n\n\n<figure class=\"wp-block-image size-large\"><img loading=\"lazy\" decoding=\"async\" width=\"1024\" height=\"225\" src=\"https:\/\/srazapata.com\/wp-content\/uploads\/2026\/01\/Screenshot-2026-01-27-at-5.00.58-PM-1-1024x225.png\" alt=\"\" class=\"wp-image-675\" srcset=\"https:\/\/srazapata.com\/wp-content\/uploads\/2026\/01\/Screenshot-2026-01-27-at-5.00.58-PM-1-1024x225.png 1024w, https:\/\/srazapata.com\/wp-content\/uploads\/2026\/01\/Screenshot-2026-01-27-at-5.00.58-PM-1-300x66.png 300w, https:\/\/srazapata.com\/wp-content\/uploads\/2026\/01\/Screenshot-2026-01-27-at-5.00.58-PM-1-768x169.png 768w, https:\/\/srazapata.com\/wp-content\/uploads\/2026\/01\/Screenshot-2026-01-27-at-5.00.58-PM-1-18x4.png 18w, https:\/\/srazapata.com\/wp-content\/uploads\/2026\/01\/Screenshot-2026-01-27-at-5.00.58-PM-1.png 1092w\" sizes=\"(max-width: 1024px) 100vw, 1024px\" \/><\/figure>\n<\/div>\n<\/div>\n\n\n\n<p><\/p>","protected":false},"excerpt":{"rendered":"<p>El caf\u00e9 que servimos nace en origen, se tuesta con intenci\u00f3n y se prepara con calma. Cada taza acompa\u00f1a flores, conversaciones y ma\u00f1anas sin prisa. Trabajamos con caf\u00e9 de especialidad peruano, seleccionado por temporada y preparado para resaltar sus notas naturales. Creemos en el caf\u00e9 honesto, bien hecho y compartido. Los granos Caf\u00e9 de especialidad [&hellip;]<\/p>\n","protected":false},"author":1,"featured_media":0,"parent":0,"menu_order":0,"comment_status":"closed","ping_status":"closed","template":"","meta":{"footnotes":""},"class_list":["post-66","page","type-page","status-publish","hentry"],"_links":{"self":[{"href":"https:\/\/srazapata.com\/en\/wp-json\/wp\/v2\/pages\/66","targetHints":{"allow":["GET"]}}],"collection":[{"href":"https:\/\/srazapata.com\/en\/wp-json\/wp\/v2\/pages"}],"about":[{"href":"https:\/\/srazapata.com\/en\/wp-json\/wp\/v2\/types\/page"}],"author":[{"embeddable":true,"href":"https:\/\/srazapata.com\/en\/wp-json\/wp\/v2\/users\/1"}],"replies":[{"embeddable":true,"href":"https:\/\/srazapata.com\/en\/wp-json\/wp\/v2\/comments?post=66"}],"version-history":[{"count":193,"href":"https:\/\/srazapata.com\/en\/wp-json\/wp\/v2\/pages\/66\/revisions"}],"predecessor-version":[{"id":679,"href":"https:\/\/srazapata.com\/en\/wp-json\/wp\/v2\/pages\/66\/revisions\/679"}],"wp:attachment":[{"href":"https:\/\/srazapata.com\/en\/wp-json\/wp\/v2\/media?parent=66"}],"curies":[{"name":"wp","href":"https:\/\/api.w.org\/{rel}","templated":true}]}}