{"id":67,"date":"2026-01-12T19:25:54","date_gmt":"2026-01-12T19:25:54","guid":{"rendered":"https:\/\/srazapata.com\/flores\/"},"modified":"2026-02-03T10:29:40","modified_gmt":"2026-02-03T10:29:40","slug":"flores","status":"publish","type":"page","link":"https:\/\/srazapata.com\/en\/flores\/","title":{"rendered":"Flores"},"content":{"rendered":"<div class=\"wp-block-group alignfull is-style-ext-preset--group--natural-1--section has-tertiary-background-color has-background has-global-padding is-layout-constrained wp-container-core-group-is-layout-f72f1611 wp-block-group-is-layout-constrained\" style=\"margin-top:0;margin-bottom:0;padding-top:var(--wp--preset--spacing--70);padding-bottom:var(--wp--preset--spacing--70)\">\n<div class=\"wp-block-group alignwide is-vertical is-layout-flex wp-container-core-group-is-layout-c35747d5 wp-block-group-is-layout-flex\">\n<div class=\"wp-block-group has-global-padding is-layout-constrained wp-container-core-group-is-layout-5e05634a wp-block-group-is-layout-constrained\">\n<p>Para cualquier ocasi\u00f3n. Aqu\u00ed presentamos una cuidada selecci\u00f3n de arreglos que reflejan la sensibilidad y calidez de Sra. Zapata.<\/p>\n<\/div>\n<\/div>\n\n\n\n<div class=\"wp-block-columns alignwide is-layout-flex wp-container-core-columns-is-layout-87beb0d0 wp-block-columns-is-layout-flex\">\n<div class=\"wp-block-column is-vertically-aligned-stretch is-layout-flow wp-container-core-column-is-layout-f5bb311e wp-block-column-is-layout-flow\" style=\"flex-basis:50%\">\n<div class=\"wp-block-cover is-style-ext-preset--image--natural-1--image-1--content-top\" style=\"padding-top:0;padding-bottom:0;min-height:100%;aspect-ratio:unset;\"><img fetchpriority=\"high\" decoding=\"async\" width=\"683\" height=\"1024\" class=\"wp-block-cover__image-background wp-image-235 size-large\" alt=\"\" src=\"https:\/\/srazapata.com\/wp-content\/uploads\/2026\/01\/IMG_1030-683x1024.jpg\" data-object-fit=\"cover\" srcset=\"https:\/\/srazapata.com\/wp-content\/uploads\/2026\/01\/IMG_1030-683x1024.jpg 683w, https:\/\/srazapata.com\/wp-content\/uploads\/2026\/01\/IMG_1030-200x300.jpg 200w, https:\/\/srazapata.com\/wp-content\/uploads\/2026\/01\/IMG_1030-768x1152.jpg 768w, https:\/\/srazapata.com\/wp-content\/uploads\/2026\/01\/IMG_1030-1024x1536.jpg 1024w, https:\/\/srazapata.com\/wp-content\/uploads\/2026\/01\/IMG_1030-1365x2048.jpg 1365w, https:\/\/srazapata.com\/wp-content\/uploads\/2026\/01\/IMG_1030.jpg 1536w\" sizes=\"(max-width: 683px) 100vw, 683px\" \/><span aria-hidden=\"true\" class=\"wp-block-cover__background has-background-dim-0 has-background-dim\" style=\"background-color:#856360\"><\/span><div class=\"wp-block-cover__inner-container is-layout-flow wp-block-cover-is-layout-flow\">\n<div style=\"height:240px\" aria-hidden=\"true\" class=\"wp-block-spacer\"><\/div>\n<\/div><\/div>\n<\/div>\n\n\n\n<div class=\"wp-block-column is-vertically-aligned-top is-layout-flow wp-container-core-column-is-layout-f5bb311e wp-block-column-is-layout-flow\">\n<figure class=\"wp-block-image size-large is-style-ext-preset--image--natural-1--image-1--content-top\"><img decoding=\"async\" width=\"683\" height=\"1024\" src=\"https:\/\/srazapata.com\/wp-content\/uploads\/2026\/01\/IMG_0005-683x1024.jpg\" alt=\"\" class=\"wp-image-237\" style=\"aspect-ratio:1;object-fit:cover\" srcset=\"https:\/\/srazapata.com\/wp-content\/uploads\/2026\/01\/IMG_0005-683x1024.jpg 683w, https:\/\/srazapata.com\/wp-content\/uploads\/2026\/01\/IMG_0005-200x300.jpg 200w, https:\/\/srazapata.com\/wp-content\/uploads\/2026\/01\/IMG_0005-768x1152.jpg 768w, https:\/\/srazapata.com\/wp-content\/uploads\/2026\/01\/IMG_0005-1024x1536.jpg 1024w, https:\/\/srazapata.com\/wp-content\/uploads\/2026\/01\/IMG_0005-1365x2048.jpg 1365w, https:\/\/srazapata.com\/wp-content\/uploads\/2026\/01\/IMG_0005.jpg 1536w\" sizes=\"(max-width: 683px) 100vw, 683px\" \/><\/figure>\n\n\n\n<figure class=\"wp-block-image size-large is-style-ext-preset--image--natural-1--image-1--content-top\"><img decoding=\"async\" width=\"683\" height=\"1024\" src=\"https:\/\/srazapata.com\/wp-content\/uploads\/2026\/01\/DSC00442-683x1024.jpeg\" alt=\"\" class=\"wp-image-240\" style=\"aspect-ratio:1;object-fit:cover\" srcset=\"https:\/\/srazapata.com\/wp-content\/uploads\/2026\/01\/DSC00442-683x1024.jpeg 683w, https:\/\/srazapata.com\/wp-content\/uploads\/2026\/01\/DSC00442-200x300.jpeg 200w, https:\/\/srazapata.com\/wp-content\/uploads\/2026\/01\/DSC00442-768x1152.jpeg 768w, https:\/\/srazapata.com\/wp-content\/uploads\/2026\/01\/DSC00442-1024x1536.jpeg 1024w, https:\/\/srazapata.com\/wp-content\/uploads\/2026\/01\/DSC00442-1365x2048.jpeg 1365w, https:\/\/srazapata.com\/wp-content\/uploads\/2026\/01\/DSC00442.jpeg 1536w\" sizes=\"(max-width: 683px) 100vw, 683px\" \/><\/figure>\n<\/div>\n\n\n\n<div class=\"wp-block-column is-vertically-aligned-top is-layout-flow wp-container-core-column-is-layout-f5bb311e wp-block-column-is-layout-flow\">\n<figure class=\"wp-block-image size-large is-style-ext-preset--image--natural-1--image-1--content-top\"><img loading=\"lazy\" decoding=\"async\" width=\"798\" height=\"1024\" src=\"https:\/\/srazapata.com\/wp-content\/uploads\/2026\/01\/DSC_0950-798x1024.jpg\" alt=\"\" class=\"wp-image-242\" style=\"aspect-ratio:1;object-fit:cover\" srcset=\"https:\/\/srazapata.com\/wp-content\/uploads\/2026\/01\/DSC_0950-798x1024.jpg 798w, https:\/\/srazapata.com\/wp-content\/uploads\/2026\/01\/DSC_0950-234x300.jpg 234w, https:\/\/srazapata.com\/wp-content\/uploads\/2026\/01\/DSC_0950-768x985.jpg 768w, https:\/\/srazapata.com\/wp-content\/uploads\/2026\/01\/DSC_0950-1198x1536.jpg 1198w, https:\/\/srazapata.com\/wp-content\/uploads\/2026\/01\/DSC_0950-1597x2048.jpg 1597w, https:\/\/srazapata.com\/wp-content\/uploads\/2026\/01\/DSC_0950-scaled.jpg 1996w\" sizes=\"(max-width: 798px) 100vw, 798px\" \/><\/figure>\n\n\n\n<figure class=\"wp-block-image size-large is-style-ext-preset--image--natural-1--image-1--content-top\"><img loading=\"lazy\" decoding=\"async\" width=\"682\" height=\"1024\" src=\"https:\/\/srazapata.com\/wp-content\/uploads\/2026\/01\/IMG_1431-682x1024.jpg\" alt=\"\" class=\"wp-image-238\" style=\"aspect-ratio:1;object-fit:cover\" srcset=\"https:\/\/srazapata.com\/wp-content\/uploads\/2026\/01\/IMG_1431-682x1024.jpg 682w, https:\/\/srazapata.com\/wp-content\/uploads\/2026\/01\/IMG_1431-200x300.jpg 200w, https:\/\/srazapata.com\/wp-content\/uploads\/2026\/01\/IMG_1431-768x1152.jpg 768w, https:\/\/srazapata.com\/wp-content\/uploads\/2026\/01\/IMG_1431-1024x1536.jpg 1024w, https:\/\/srazapata.com\/wp-content\/uploads\/2026\/01\/IMG_1431.jpg 1333w\" sizes=\"(max-width: 682px) 100vw, 682px\" \/><\/figure>\n<\/div>\n<\/div>\n\n\n\n<div class=\"wp-block-group alignwide is-vertical is-layout-flex wp-container-core-group-is-layout-c35747d5 wp-block-group-is-layout-flex\">\n<div class=\"wp-block-buttons is-layout-flex wp-block-buttons-is-layout-flex\">\n<div class=\"wp-block-button is-style-ext-preset--button--natural-1--button-1\"><a class=\"wp-block-button__link wp-element-button\" href=\"https:\/\/tr.ee\/jXNyEh879Z\">Ver cat\u00e1logo<\/a><\/div>\n<\/div>\n<\/div>\n<\/div>\n\n\n\n<div class=\"wp-block-columns alignwide are-vertically-aligned-center is-layout-flex wp-container-core-columns-is-layout-174606dc wp-block-columns-is-layout-flex\">\n<div class=\"wp-block-column is-vertically-aligned-center is-layout-flow wp-block-column-is-layout-flow\">\n<div class=\"wp-block-group alignwide is-vertical is-layout-flex wp-container-core-group-is-layout-c35747d5 wp-block-group-is-layout-flex\">\n<div class=\"wp-block-group has-global-padding is-layout-constrained wp-container-core-group-is-layout-dd32767c wp-block-group-is-layout-constrained\">\n<h2 class=\"wp-block-heading\">Novias<\/h2>\n\n\n\n<p>Descubre la belleza \u00fanica de nuestros arreglos, dise\u00f1ados con sensibilidad y estilo artesanal. Cada pieza es personalizada para celebrar tus momentos especiales, combinando flores frescas y cer\u00e1mica de dise\u00f1o que aportan calidez y elegancia a cualquier espacio.<\/p>\n<\/div>\n\n\n\n<div class=\"wp-block-buttons is-layout-flex wp-block-buttons-is-layout-flex\">\n<div class=\"wp-block-button is-style-ext-preset--button--natural-1--button-1\"><a class=\"wp-block-button__link wp-element-button\" href=\"https:\/\/api.whatsapp.com\/send\/?phone=51987151890&amp;text=Hola%21%20quiero%20informaci%C3%B3n%20por%20favor&amp;type=phone_number&amp;app_absent=0\">Cotizar<\/a><\/div>\n<\/div>\n<\/div>\n<\/div>\n\n\n\n<div class=\"wp-block-column is-vertically-aligned-center is-layout-flow wp-block-column-is-layout-flow\">\n<figure class=\"wp-block-image size-full is-style-ext-preset--image--natural-1--image-1--content-left\"><img loading=\"lazy\" decoding=\"async\" width=\"776\" height=\"776\" src=\"https:\/\/srazapata.com\/wp-content\/uploads\/2026\/01\/CA3114D5-6F72-4332-810F-7DB7BFFD1BF9.jpg\" alt=\"\" class=\"wp-image-233\" style=\"aspect-ratio:1;object-fit:cover\" srcset=\"https:\/\/srazapata.com\/wp-content\/uploads\/2026\/01\/CA3114D5-6F72-4332-810F-7DB7BFFD1BF9.jpg 776w, https:\/\/srazapata.com\/wp-content\/uploads\/2026\/01\/CA3114D5-6F72-4332-810F-7DB7BFFD1BF9-300x300.jpg 300w, https:\/\/srazapata.com\/wp-content\/uploads\/2026\/01\/CA3114D5-6F72-4332-810F-7DB7BFFD1BF9-150x150.jpg 150w, https:\/\/srazapata.com\/wp-content\/uploads\/2026\/01\/CA3114D5-6F72-4332-810F-7DB7BFFD1BF9-768x768.jpg 768w\" sizes=\"(max-width: 776px) 100vw, 776px\" \/><\/figure>\n<\/div>\n<\/div>\n\n\n\n<div class=\"wp-block-group alignfull is-style-ext-preset--group--natural-1--section has-background-background-color has-background has-global-padding is-layout-constrained wp-container-core-group-is-layout-e955bbaf wp-block-group-is-layout-constrained\" style=\"margin-top:0;margin-bottom:0;padding-top:var(--wp--preset--spacing--70);padding-bottom:var(--wp--preset--spacing--70)\">\n<div class=\"wp-block-columns alignwide is-layout-flex wp-container-core-columns-is-layout-08c01c1c wp-block-columns-is-layout-flex\">\n<div class=\"wp-block-column is-layout-flow wp-block-column-is-layout-flow\">\n<div class=\"wp-block-group is-style-ext-preset--group--natural-1--item-card-1--align-center has-global-padding is-layout-constrained wp-block-group-is-layout-constrained\">\n<figure class=\"wp-block-image size-full\"><img loading=\"lazy\" decoding=\"async\" width=\"674\" height=\"704\" src=\"https:\/\/srazapata.com\/wp-content\/uploads\/2026\/01\/Screenshot-2026-01-23-at-4.50.34-PM.png\" alt=\"\" class=\"wp-image-484\" style=\"aspect-ratio:4\/3;object-fit:cover\" srcset=\"https:\/\/srazapata.com\/wp-content\/uploads\/2026\/01\/Screenshot-2026-01-23-at-4.50.34-PM.png 674w, https:\/\/srazapata.com\/wp-content\/uploads\/2026\/01\/Screenshot-2026-01-23-at-4.50.34-PM-287x300.png 287w, https:\/\/srazapata.com\/wp-content\/uploads\/2026\/01\/Screenshot-2026-01-23-at-4.50.34-PM-11x12.png 11w\" sizes=\"(max-width: 674px) 100vw, 674px\" \/><\/figure>\n\n\n\n<div class=\"wp-block-group is-style-default has-global-padding is-layout-constrained wp-block-group-is-layout-constrained\">\n<h3 class=\"wp-block-heading has-text-align-center\">Talleres<\/h3>\n\n\n\n<p class=\"has-text-align-center\">Aprende t\u00e9cnicas florales y crea tus propios arreglos con nosotros. <\/p>\n<\/div>\n<\/div>\n<\/div>\n\n\n\n<div class=\"wp-block-column is-layout-flow wp-block-column-is-layout-flow\">\n<div class=\"wp-block-group is-style-ext-preset--group--natural-1--item-card-1--align-center has-global-padding is-layout-constrained wp-block-group-is-layout-constrained\">\n<figure class=\"wp-block-image size-full\"><img loading=\"lazy\" decoding=\"async\" width=\"652\" height=\"526\" src=\"https:\/\/srazapata.com\/wp-content\/uploads\/2026\/01\/Screenshot-2026-01-23-at-4.49.42-PM.png\" alt=\"\" class=\"wp-image-482\" style=\"aspect-ratio:4\/3;object-fit:cover\" srcset=\"https:\/\/srazapata.com\/wp-content\/uploads\/2026\/01\/Screenshot-2026-01-23-at-4.49.42-PM.png 652w, https:\/\/srazapata.com\/wp-content\/uploads\/2026\/01\/Screenshot-2026-01-23-at-4.49.42-PM-300x242.png 300w, https:\/\/srazapata.com\/wp-content\/uploads\/2026\/01\/Screenshot-2026-01-23-at-4.49.42-PM-15x12.png 15w\" sizes=\"(max-width: 652px) 100vw, 652px\" \/><\/figure>\n\n\n\n<div class=\"wp-block-group is-style-default has-global-padding is-layout-constrained wp-block-group-is-layout-constrained\">\n<h3 class=\"wp-block-heading has-text-align-center\">Cer\u00e1mica<\/h3>\n\n\n\n<p class=\"has-text-align-center\">Piezas \u00fanicas que realzan la belleza de tus flores y espacios.<\/p>\n<\/div>\n<\/div>\n<\/div>\n<\/div>\n<\/div>","protected":false},"excerpt":{"rendered":"<p>Para cualquier ocasi\u00f3n. Aqu\u00ed presentamos una cuidada selecci\u00f3n de arreglos que reflejan la sensibilidad y calidez de Sra. Zapata. Novias Descubre la belleza \u00fanica de nuestros arreglos, dise\u00f1ados con sensibilidad y estilo artesanal. Cada pieza es personalizada para celebrar tus momentos especiales, combinando flores frescas y cer\u00e1mica de dise\u00f1o que aportan calidez y elegancia a [&hellip;]<\/p>\n","protected":false},"author":1,"featured_media":0,"parent":0,"menu_order":0,"comment_status":"closed","ping_status":"closed","template":"","meta":{"footnotes":""},"class_list":["post-67","page","type-page","status-publish","hentry"],"_links":{"self":[{"href":"https:\/\/srazapata.com\/en\/wp-json\/wp\/v2\/pages\/67","targetHints":{"allow":["GET"]}}],"collection":[{"href":"https:\/\/srazapata.com\/en\/wp-json\/wp\/v2\/pages"}],"about":[{"href":"https:\/\/srazapata.com\/en\/wp-json\/wp\/v2\/types\/page"}],"author":[{"embeddable":true,"href":"https:\/\/srazapata.com\/en\/wp-json\/wp\/v2\/users\/1"}],"replies":[{"embeddable":true,"href":"https:\/\/srazapata.com\/en\/wp-json\/wp\/v2\/comments?post=67"}],"version-history":[{"count":65,"href":"https:\/\/srazapata.com\/en\/wp-json\/wp\/v2\/pages\/67\/revisions"}],"predecessor-version":[{"id":714,"href":"https:\/\/srazapata.com\/en\/wp-json\/wp\/v2\/pages\/67\/revisions\/714"}],"wp:attachment":[{"href":"https:\/\/srazapata.com\/en\/wp-json\/wp\/v2\/media?parent=67"}],"curies":[{"name":"wp","href":"https:\/\/api.w.org\/{rel}","templated":true}]}}